{"id":350,"date":"2023-02-23T11:51:34","date_gmt":"2023-02-23T09:51:34","guid":{"rendered":"https:\/\/donate.rabita.no\/contact\/"},"modified":"2023-03-14T22:02:10","modified_gmt":"2023-03-14T20:02:10","slug":"kontakt-oss","status":"publish","type":"page","link":"https:\/\/donate.rabita.no\/no\/kontakt-oss\/","title":{"rendered":"Kontakt oss"},"content":{"rendered":"\n<style type=\"text\/css\" data-created_by=\"avia_inline_auto\" id=\"style-css-av-leh3hx5b-04183bdd9188126292fb07d50569ee50\">\n.avia-section.av-leh3hx5b-04183bdd9188126292fb07d50569ee50 .av-section-color-overlay{\nopacity:0.1;\nbackground-image:url(https:\/\/donate.rabita.no\/images\/2023\/02\/screenshot.png);\nbackground-repeat:repeat;\n}\n<\/style>\n<div id='av_section_1'  class='avia-section av-leh3hx5b-04183bdd9188126292fb07d50569ee50 main_color avia-section-default avia-no-border-styling  avia-builder-el-0  avia-builder-el-no-sibling  avia-bg-style-scroll av-section-color-overlay-active container_wrap sidebar_right'  ><div class=\"av-section-color-overlay-wrap\"><div class=\"av-section-color-overlay\"><\/div><div class='container av-section-cont-open' ><main  role=\"main\" itemprop=\"mainContentOfPage\"  class='template-page content  av-content-small alpha units'><div class='post-entry post-entry-type-page post-entry-350'><div class='entry-content-wrapper clearfix'>\n\n<style type=\"text\/css\" data-created_by=\"avia_inline_auto\" id=\"style-css-av-l8w6-ac44f7c636eae62635293f48305d8739\">\n@-webkit-keyframes av_boxShadowEffect_av-l8w6-ac44f7c636eae62635293f48305d8739-column {\n0%   { box-shadow:  0 0 0 0 #b2b2b2; opacity: 1; }\n100% { box-shadow:  0 0 10px 0 #b2b2b2; opacity: 1; }\n}\n@keyframes av_boxShadowEffect_av-l8w6-ac44f7c636eae62635293f48305d8739-column {\n0%   { box-shadow:  0 0 0 0 #b2b2b2; opacity: 1; }\n100% { box-shadow:  0 0 10px 0 #b2b2b2; opacity: 1; }\n}\n.flex_column.av-l8w6-ac44f7c636eae62635293f48305d8739{\nbox-shadow: 0 0 10px 0 #b2b2b2;\n-webkit-border-radius:10px 10px 10px 10px;\n-moz-border-radius:10px 10px 10px 10px;\nborder-radius:10px 10px 10px 10px;\npadding:20px 20px 20px 20px;\nbackground-color:rgba(235,230,215,0.5);\n}\n<\/style>\n<div class='flex_column av-l8w6-ac44f7c636eae62635293f48305d8739 av_one_half  avia-builder-el-1  el_before_av_one_half  avia-builder-el-first  first flex_column_div shadow-not-animated '     ><form action=\"https:\/\/donate.rabita.no\/no\/kontakt-oss\/\" method=\"post\"  class=\"avia_ajax_form av-form-labels-visible   avia-builder-el-2  avia-builder-el-no-sibling   \" data-avia-form-id=\"1\" data-avia-redirect='' ><h3 class=''>Ta kontakt<\/h3><fieldset><p class='  first_form  form_element form_fullwidth' id='element_avia_1_1'><label for=\"avia_1_1\">Navn <abbr class=\"required\" title=\"required\">*<\/abbr><\/label> <input name=\"avia_1_1\" class=\"text_input is_empty\" type=\"text\" id=\"avia_1_1\" value=\"\" \/><\/p><p class='  first_form  form_element form_fullwidth' id='element_avia_2_1'><label for=\"avia_2_1\">E-post <abbr class=\"required\" title=\"required\">*<\/abbr><\/label> <input name=\"avia_2_1\" class=\"text_input is_email\" type=\"text\" id=\"avia_2_1\" value=\"\" \/><\/p><p class='  first_form  form_element form_fullwidth' id='element_avia_3_1'><label for=\"avia_3_1\">Emne <abbr class=\"required\" title=\"required\">*<\/abbr><\/label> <input name=\"avia_3_1\" class=\"text_input is_empty\" type=\"text\" id=\"avia_3_1\" value=\"\" \/><\/p><p class='  first_form  form_element form_fullwidth' id='element_avia_4_1'><label for=\"avia_4_1\" class=\"textare_label hidden textare_label_avia_4_1\">Beskjed <abbr class=\"required\" title=\"required\">*<\/abbr><\/label><textarea  name=\"avia_4_1\" class=\"text_area is_empty\" cols=\"40\" rows=\"7\" id=\"avia_4_1\" ><\/textarea><\/p><p class=\"hidden\"><input type=\"text\" name=\"avia_5_1\" class=\"hidden \" id=\"avia_5_1\" value=\"\" \/><\/p><p class='   form_element form_fullwidth' id='element_avia_6_1'><span class='value_verifier_label'>7 + 0 = ?<\/span><input name=\"avia_6_1_verifier\" type=\"hidden\" id=\"avia_6_1_verifier\" value=\"451768877\"\/><label for=\"avia_6_1\">Please prove that you are human by solving the equation <abbr class=\"required\" title=\"required\">*<\/abbr><\/label><input name=\"avia_6_1\" class=\"text_input captcha\" type=\"text\" id=\"avia_6_1\" value=\"\"\/><\/p><p class=\"form_element \"><input type=\"hidden\" value=\"1\" name=\"avia_generated_form1\" \/><input type=\"submit\" value=\"Send inn\" class=\"button\"  data-sending-label=\"Sending\"\/><\/p><\/fieldset><\/form><div id=\"ajaxresponse_1\" class=\"ajaxresponse ajaxresponse_1 hidden\"><\/div><\/div>\n<style type=\"text\/css\" data-created_by=\"avia_inline_auto\" id=\"style-css-av-2pzk-07717079f6e41c8a9017b81b63e17f5c\">\n@-webkit-keyframes av_boxShadowEffect_av-2pzk-07717079f6e41c8a9017b81b63e17f5c-column {\n0%   { box-shadow:  0 0 0 0 #b2b2b2; opacity: 1; }\n100% { box-shadow:  0 0 10px 0 #b2b2b2; opacity: 1; }\n}\n@keyframes av_boxShadowEffect_av-2pzk-07717079f6e41c8a9017b81b63e17f5c-column {\n0%   { box-shadow:  0 0 0 0 #b2b2b2; opacity: 1; }\n100% { box-shadow:  0 0 10px 0 #b2b2b2; opacity: 1; }\n}\n.flex_column.av-2pzk-07717079f6e41c8a9017b81b63e17f5c{\nbox-shadow: 0 0 10px 0 #b2b2b2;\n-webkit-border-radius:10px 10px 10px 10px;\n-moz-border-radius:10px 10px 10px 10px;\nborder-radius:10px 10px 10px 10px;\npadding:20px 20px 20px 20px;\nbackground-color:rgba(235,230,215,0.5);\n}\n<\/style>\n<div class='flex_column av-2pzk-07717079f6e41c8a9017b81b63e17f5c av_one_half  avia-builder-el-3  el_after_av_one_half  el_before_av_one_full  flex_column_div shadow-not-animated '     ><p>\n<style type=\"text\/css\" data-created_by=\"avia_inline_auto\" id=\"style-css-av-leh35bxi-b27dfbae625b7bfb0f1c129633e3000a\">\n#top .av-special-heading.av-leh35bxi-b27dfbae625b7bfb0f1c129633e3000a{\npadding-bottom:10px;\n}\nbody .av-special-heading.av-leh35bxi-b27dfbae625b7bfb0f1c129633e3000a .av-special-heading-tag .heading-char{\nfont-size:25px;\n}\n.av-special-heading.av-leh35bxi-b27dfbae625b7bfb0f1c129633e3000a .av-subheading{\nfont-size:15px;\n}\n<\/style>\n<div  class='av-special-heading av-leh35bxi-b27dfbae625b7bfb0f1c129633e3000a av-special-heading-h3 blockquote modern-quote  avia-builder-el-4  el_before_av_hr  avia-builder-el-first '><h3 class='av-special-heading-tag'  itemprop=\"headline\"  >Andre m\u00e5ter \u00e5 kontakte oss p\u00e5<\/h3><div class=\"special-heading-border\"><div class=\"special-heading-inner-border\"><\/div><\/div><\/div><br \/>\n\n<style type=\"text\/css\" data-created_by=\"avia_inline_auto\" id=\"style-css-av-521y-0aeb74a545efdc1f51876e4cd4a725bf\">\n#top .hr.av-521y-0aeb74a545efdc1f51876e4cd4a725bf{\nmargin-top:30px;\nmargin-bottom:30px;\n}\n.hr.av-521y-0aeb74a545efdc1f51876e4cd4a725bf .hr-inner{\nwidth:100px;\nborder-color:#baa069;\n}\n<\/style>\n<div  class='hr av-521y-0aeb74a545efdc1f51876e4cd4a725bf hr-custom  avia-builder-el-5  el_after_av_heading  el_before_av_textblock  hr-left hr-icon-no'><span class='hr-inner inner-border-av-border-fat'><span class=\"hr-inner-style\"><\/span><\/span><\/div><br \/>\n<section  class='av_textblock_section av-leh38viv-cef09fe5c41eb88324469ddc6e0d03a9'  itemscope=\"itemscope\" itemtype=\"https:\/\/schema.org\/CreativeWork\" ><div class='avia_textblock'  itemprop=\"text\" ><p>\n<style type=\"text\/css\" data-created_by=\"avia_inline_auto\" id=\"style-css-av-2t17j-9a750e7916d3fd313be63da25d877a51\">\n.av_font_icon.av-2t17j-9a750e7916d3fd313be63da25d877a51{\ncolor:#BAA069;\nborder-color:#BAA069;\n}\n.av_font_icon.av-2t17j-9a750e7916d3fd313be63da25d877a51 .av-icon-char{\nfont-size:30px;\nline-height:30px;\n}\n<\/style>\n<span  class='av_font_icon av-2t17j-9a750e7916d3fd313be63da25d877a51 avia_animate_when_visible av-icon-style- avia-icon-pos-left avia-icon-animate'><span class='av-icon-char' aria-hidden='true' data-av_icon='\ue842' data-av_iconfont='entypo-fontello' data-avia-icon-tooltip=\" \"><\/span><\/span>\u00a0 Det islamske forbundet \u2013 Rabita, Calmeyers gate 8, 0183 Oslo, Norge<span style=\"color: #670e7b;\">.<\/span>\n<style type=\"text\/css\" data-created_by=\"avia_inline_auto\" id=\"style-css-av-xtdn-0a6a864cb157255e24dd2a0f47e256eb\">\n#top .hr.hr-invisible.av-xtdn-0a6a864cb157255e24dd2a0f47e256eb{\nmargin-top:-20px;\nheight:1px;\n}\n<\/style>\n<div  class='hr av-xtdn-0a6a864cb157255e24dd2a0f47e256eb hr-invisible  avia-builder-el-8  el_after_av_font_icon  el_before_av_font_icon '><span class='hr-inner '><span class=\"hr-inner-style\"><\/span><\/span><\/div>\n<style type=\"text\/css\" data-created_by=\"avia_inline_auto\" id=\"style-css-av-12nj3-1-21ae753cac240752775ef5037f2518ec\">\n.av_font_icon.av-12nj3-1-21ae753cac240752775ef5037f2518ec{\ncolor:#BAA069;\nborder-color:#BAA069;\n}\n.av_font_icon.av-12nj3-1-21ae753cac240752775ef5037f2518ec .av-icon-char{\nfont-size:30px;\nline-height:30px;\n}\n<\/style>\n<span  class='av_font_icon av-12nj3-1-21ae753cac240752775ef5037f2518ec avia_animate_when_visible av-icon-style- avia-icon-pos-left avia-icon-animate'><a href='mailto:donate@rabita.no' target=\"_blank\" rel=\"noopener noreferrer\" class='av-icon-char' aria-hidden='true' data-av_icon='\ue805' data-av_iconfont='entypo-fontello'><\/a><\/span> donate<span style=\"color: #670e7b;\">@rabita.no<\/span><\/p>\n<p>\n<style type=\"text\/css\" data-created_by=\"avia_inline_auto\" id=\"style-css-av-1ibnf-baa5f78204c55cfea4930400b1824baa\">\n.av_font_icon.av-1ibnf-baa5f78204c55cfea4930400b1824baa{\ncolor:#BAA069;\nborder-color:#BAA069;\n}\n.av_font_icon.av-1ibnf-baa5f78204c55cfea4930400b1824baa .av-icon-char{\nfont-size:30px;\nline-height:30px;\n}\n<\/style>\n<span  class='av_font_icon av-1ibnf-baa5f78204c55cfea4930400b1824baa avia_animate_when_visible av-icon-style- avia-icon-pos-left avia-icon-animate'><a href='tel:+4722993662' target=\"_blank\" rel=\"noopener noreferrer\" class='av-icon-char' aria-hidden='true' data-av_icon='\ue854' data-av_iconfont='entypo-fontello'><\/a><\/span> +4722993662<\/p>\n<p>\n<style type=\"text\/css\" data-created_by=\"avia_inline_auto\" id=\"style-css-av-v7eb-dd34a3f9e550330e6f1e9c49fe434b12\">\n.av_font_icon.av-v7eb-dd34a3f9e550330e6f1e9c49fe434b12{\ncolor:#BAA069;\nborder-color:#BAA069;\n}\n.av_font_icon.av-v7eb-dd34a3f9e550330e6f1e9c49fe434b12 .av-icon-char{\nfont-size:30px;\nline-height:30px;\n}\n<\/style>\n<span  class='av_font_icon av-v7eb-dd34a3f9e550330e6f1e9c49fe434b12 avia_animate_when_visible av-icon-style- avia-icon-pos-left avia-icon-animate'><a href=\"http:\/\/wa.me\/4748129263\" target=\"_blank\" rel=\"noopener noreferrer\" class=\"av-icon-char\" aria-hidden=\"true\" data-av_icon=\"\uf232\" data-av_iconfont=\"entypo-fontello\"><\/a><\/span> +47 481 29 263<\/p>\n<\/div><\/section><br \/>\n\n<style type=\"text\/css\" data-created_by=\"avia_inline_auto\" id=\"style-css-av-lehi1e1h-4c176f1e68c72a267e62b1e04e7e43eb\">\n#top .av-special-heading.av-lehi1e1h-4c176f1e68c72a267e62b1e04e7e43eb{\npadding-bottom:10px;\n}\nbody .av-special-heading.av-lehi1e1h-4c176f1e68c72a267e62b1e04e7e43eb .av-special-heading-tag .heading-char{\nfont-size:25px;\n}\n.av-special-heading.av-lehi1e1h-4c176f1e68c72a267e62b1e04e7e43eb .av-subheading{\nfont-size:15px;\n}\n<\/style>\n<div  class='av-special-heading av-lehi1e1h-4c176f1e68c72a267e62b1e04e7e43eb av-special-heading-h3 blockquote modern-quote  avia-builder-el-12  el_after_av_textblock  el_before_av_hr '><h3 class='av-special-heading-tag'  itemprop=\"headline\"  >Sosiale lenker<\/h3><div class=\"special-heading-border\"><div class=\"special-heading-inner-border\"><\/div><\/div><\/div><br \/>\n\n<style type=\"text\/css\" data-created_by=\"avia_inline_auto\" id=\"style-css-av-2ero-35b15bd9ae501b050349c3311ba42429\">\n#top .hr.av-2ero-35b15bd9ae501b050349c3311ba42429{\nmargin-top:30px;\nmargin-bottom:30px;\n}\n.hr.av-2ero-35b15bd9ae501b050349c3311ba42429 .hr-inner{\nwidth:100px;\nborder-color:#baa069;\n}\n<\/style>\n<div  class='hr av-2ero-35b15bd9ae501b050349c3311ba42429 hr-custom  avia-builder-el-13  el_after_av_heading  el_before_av_textblock  hr-left hr-icon-no'><span class='hr-inner inner-border-av-border-fat'><span class=\"hr-inner-style\"><\/span><\/span><\/div><br \/>\n<section  class='av_textblock_section av-lehi29tt-b4fbb6f5f635a11383e3bed594cd4ea2'  itemscope=\"itemscope\" itemtype=\"https:\/\/schema.org\/CreativeWork\" ><div class='avia_textblock'  itemprop=\"text\" ><p style=\"text-align: center;\"><ul class='noLightbox social_bookmarks icon_count_3'><li class='social_bookmarks_instagram av-social-link-instagram social_icon_1'><a target=\"_blank\" aria-label=\"Link to Instagram\" href=\"https:\/\/www.instagram.com\/stories\/detislamskeforbundet\/3048869837509493954\/?igshid=YmMyMTA2M2Y%3D\" aria-hidden=\"false\" data-av_icon=\"\uf16d\" data-av_iconfont=\"entypo-fontello\" title=\"Instagram\" rel=\"noopener\"><span class='avia_hidden_link_text'>Instagram<\/span><\/a><\/li><li class='social_bookmarks_facebook av-social-link-facebook social_icon_2'><a target=\"_blank\" aria-label=\"Link to Facebook\" href=\"https:\/\/www.facebook.com\/detislamskeforbundet\" aria-hidden=\"false\" data-av_icon=\"\ue8f3\" data-av_iconfont=\"entypo-fontello\" title=\"Facebook\" rel=\"noopener\"><span class='avia_hidden_link_text'>Facebook<\/span><\/a><\/li><li class='social_bookmarks_youtube av-social-link-youtube social_icon_3'><a target=\"_blank\" aria-label=\"Link to Youtube\" href=\"https:\/\/www.youtube.com\/@RabitaOslo\" aria-hidden=\"false\" data-av_icon=\"\uf16a\" data-av_iconfont=\"entypo-fontello\" title=\"Youtube\" rel=\"noopener\"><span class='avia_hidden_link_text'>Youtube<\/span><\/a><\/li><\/ul><\/p>\n<\/div><\/section><\/p><\/div>\n<style type=\"text\/css\" data-created_by=\"avia_inline_auto\" id=\"style-css-av-3d1u-8212b9648ab2e8a810ce8a93f7ebe390\">\n@-webkit-keyframes av_boxShadowEffect_av-3d1u-8212b9648ab2e8a810ce8a93f7ebe390-column {\n0%   { box-shadow:  0 0 0 0 #b2b2b2; opacity: 1; }\n100% { box-shadow:  0 0 10px 0 #b2b2b2; opacity: 1; }\n}\n@keyframes av_boxShadowEffect_av-3d1u-8212b9648ab2e8a810ce8a93f7ebe390-column {\n0%   { box-shadow:  0 0 0 0 #b2b2b2; opacity: 1; }\n100% { box-shadow:  0 0 10px 0 #b2b2b2; opacity: 1; }\n}\n.flex_column.av-3d1u-8212b9648ab2e8a810ce8a93f7ebe390{\nbox-shadow: 0 0 10px 0 #b2b2b2;\n-webkit-border-radius:10px 10px 10px 10px;\n-moz-border-radius:10px 10px 10px 10px;\nborder-radius:10px 10px 10px 10px;\npadding:20px 20px 20px 20px;\nbackground-color:rgba(235,230,215,0.5);\n}\n<\/style>\n<div class='flex_column av-3d1u-8212b9648ab2e8a810ce8a93f7ebe390 av_one_full  avia-builder-el-15  el_after_av_one_half  avia-builder-el-last  first flex_column_div shadow-not-animated column-top-margin'     ><p>\n<style type=\"text\/css\" data-created_by=\"avia_inline_auto\" id=\"style-css-av-leh3dmty-96aec1d7ed86c0f164177750d7961c2d\">\n#top .av-special-heading.av-leh3dmty-96aec1d7ed86c0f164177750d7961c2d{\npadding-bottom:10px;\n}\nbody .av-special-heading.av-leh3dmty-96aec1d7ed86c0f164177750d7961c2d .av-special-heading-tag .heading-char{\nfont-size:25px;\n}\n.av-special-heading.av-leh3dmty-96aec1d7ed86c0f164177750d7961c2d .av-subheading{\nfont-size:15px;\n}\n<\/style>\n<div  class='av-special-heading av-leh3dmty-96aec1d7ed86c0f164177750d7961c2d av-special-heading-h2 blockquote modern-quote modern-centered  avia-builder-el-16  el_before_av_hr  avia-builder-el-first '><h2 class='av-special-heading-tag'  itemprop=\"headline\"  >RABITA BELIGGENHET<\/h2><div class=\"special-heading-border\"><div class=\"special-heading-inner-border\"><\/div><\/div><\/div><br \/>\n\n<style type=\"text\/css\" data-created_by=\"avia_inline_auto\" id=\"style-css-av-42wo-fe7daa48441ec58366080a7c1a2b7bf7\">\n#top .hr.av-42wo-fe7daa48441ec58366080a7c1a2b7bf7{\nmargin-top:30px;\nmargin-bottom:30px;\n}\n.hr.av-42wo-fe7daa48441ec58366080a7c1a2b7bf7 .hr-inner{\nwidth:100px;\nborder-color:#baa069;\n}\n<\/style>\n<div  class='hr av-42wo-fe7daa48441ec58366080a7c1a2b7bf7 hr-custom  avia-builder-el-17  el_after_av_heading  el_before_av_textblock  hr-center hr-icon-no'><span class='hr-inner inner-border-av-border-fat'><span class=\"hr-inner-style\"><\/span><\/span><\/div><br \/>\n<section  class='av_textblock_section av-leh3tep1-e9fd99facc142a5cc4d8bc5b0b0cf213'  itemscope=\"itemscope\" itemtype=\"https:\/\/schema.org\/CreativeWork\" ><div class='avia_textblock'  itemprop=\"text\" ><p><iframe class=\"gmap_iframe\" src=\"https:\/\/maps.google.com\/maps?q=The%20Islamic%20League%20-%20Rabita%20Calmeyers%20gate%208,%200183%20Oslo&amp;t=&amp;z=13&amp;ie=UTF8&amp;iwloc=&amp;output=embed\" width=\"100%\" height=\"500\" frameborder=\"0\" marginwidth=\"0\" marginheight=\"0\" scrolling=\"no\"><\/iframe><\/p>\n<\/div><\/section><\/p><\/div><\/div><\/div><\/main><!-- close content main element --><\/div><\/div><\/div><div id='after_section_1'  class='main_color av_default_container_wrap container_wrap sidebar_right'  ><div class='container av-section-cont-open' ><div class='template-page content  av-content-small alpha units'><div class='post-entry post-entry-type-page post-entry-350'><div class='entry-content-wrapper clearfix'>\n","protected":false},"excerpt":{"rendered":"","protected":false},"author":1,"featured_media":222,"parent":0,"menu_order":0,"comment_status":"closed","ping_status":"open","template":"","meta":{"give_campaign_id":0,"_joinchat":[],"footnotes":""},"class_list":["post-350","page","type-page","status-publish","has-post-thumbnail","hentry"],"campaignId":"","_links":{"self":[{"href":"https:\/\/donate.rabita.no\/no\/wp-json\/wp\/v2\/pages\/350","targetHints":{"allow":["GET"]}}],"collection":[{"href":"https:\/\/donate.rabita.no\/no\/wp-json\/wp\/v2\/pages"}],"about":[{"href":"https:\/\/donate.rabita.no\/no\/wp-json\/wp\/v2\/types\/page"}],"author":[{"embeddable":true,"href":"https:\/\/donate.rabita.no\/no\/wp-json\/wp\/v2\/users\/1"}],"replies":[{"embeddable":true,"href":"https:\/\/donate.rabita.no\/no\/wp-json\/wp\/v2\/comments?post=350"}],"version-history":[{"count":4,"href":"https:\/\/donate.rabita.no\/no\/wp-json\/wp\/v2\/pages\/350\/revisions"}],"predecessor-version":[{"id":365,"href":"https:\/\/donate.rabita.no\/no\/wp-json\/wp\/v2\/pages\/350\/revisions\/365"}],"wp:featuredmedia":[{"embeddable":true,"href":"https:\/\/donate.rabita.no\/no\/wp-json\/wp\/v2\/media\/222"}],"wp:attachment":[{"href":"https:\/\/donate.rabita.no\/no\/wp-json\/wp\/v2\/media?parent=350"}],"curies":[{"name":"wp","href":"https:\/\/api.w.org\/{rel}","templated":true}]}}